{"id":122,"date":"2017-05-11T17:37:05","date_gmt":"2017-05-11T15:37:05","guid":{"rendered":"http:\/\/www.semainedelecriture.fr\/V3\/?page_id=122"},"modified":"2025-08-14T18:38:32","modified_gmt":"2025-08-14T16:38:32","slug":"nos-partenaires","status":"publish","type":"page","link":"https:\/\/www.semainedelecriture.fr\/index.php\/nos-partenaires\/","title":{"rendered":"Nos Partenaires"},"content":{"rendered":"<p><!---\n\n\n<h4 style=\"text-align: center;\"><a id=\"titreAccueil\" href=\"https:\/\/www.semainedelecriture.fr\/DOSSIER_DE_PARTENARIAT.pdf\">Vous souhaitez devenir partenaire ? Cliquez-ici<\/a><\/h4>\n\n\n--><\/p>\n<div><strong>Nos actions sont possibles gr\u00e2ce au m\u00e9c\u00e9nat de :\u00a0<\/strong><\/div>\n<div id=\"mecenat\">\n<div id=\"logomecene\"><\/div>\n<\/div>\n<div><\/div>\n<div id=\"mecenat\">\n<div id=\"logomecene\">\n<p><img loading=\"lazy\" decoding=\"async\" class=\"size-full wp-image-22351 aligncenter\" src=\"https:\/\/www.semainedelecriture.fr\/wp-content\/uploads\/2023\/07\/Schneider_Ecris-le.jpg\" alt=\"\" width=\"300\" height=\"71\" \/><\/p>\n<\/div>\n<div id=\"txtmecene\">\n<div style=\"text-align: center;\">\n<p><!---\n\n\n<h4><a href=\"https:\/\/www.majuscule.fr\/actualites\/semaine-de-lecriture-2018\" target=\"_blank\" rel=\"noopener noreferrer\">Ils parlent de Nous !<\/a><\/h4>\n\n\n--><\/p>\n<\/div>\n<p>Schneider est une marque leader internationale pour les instruments d\u2019\u00e9criture. En tant qu\u2019entreprise familiale dirig\u00e9e par son propri\u00e9taire, et forte de 85 ans d\u2019exp\u00e9rience et d\u2019expertise, nous employons au total plus de 600 salari\u00e9s. Notre entreprise est repr\u00e9sent\u00e9e dans le monde entier par des sites implant\u00e9s \u00e0 l\u2019\u00e9tranger (<a href=\"https:\/\/schneiderpen.com\/de_de\/\">www.schneiderpen.de<\/a>).<\/p>\n<p>Nous concevons et produisons exclusivement nos produits en Allemagne. Ainsi, nous garantissons la plus haute qualit\u00e9 de production, ainsi que le respect des normes allemandes sociales et \u00e9cologiques strictes. La durabilit\u00e9 est \u00e9galement un principe qui nous tient \u00e0 c\u0153ur lors de la fabrication et de la distribution. Cet aspect s\u2019illustre notamment par la certification conforme au syst\u00e8me de gestion environnementale le plus exigeant au monde, selon l\u2019ordonnance europ\u00e9enne d\u2019audit environnemental EMAS.<\/p>\n<p>Nous sommes le seul fabricant d&rsquo;instruments d&rsquo;\u00e9criture dont tous les sites de production ont la certification EMAS (<a href=\"https:\/\/commission.europa.eu\/index_fr\">https:\/\/ec.europa.eu\/<\/a>). La durabilit\u00e9, la proximit\u00e9 active avec les utilisateurs, la qualit\u00e9 souveraine des produits et une simplicit\u00e9 port\u00e9e par l\u2019ouverture d\u2019esprit : tels sont les quatre principes sur lesquels reposent nos pens\u00e9es et nos actes. Gr\u00e2ce \u00e0 notre assortiment complet, nous pouvons r\u00e9pondre \u00e0 toutes les attentes des groupes cibl\u00e9s et consommateurs les plus divers.<\/p>\n<p>Nous proposons tous les produits indispensables en milieu scolaire, et pour l\u2019apprentissage de l\u2019\u00e9criture. Pour les personnes cr\u00e9atives, nous donnons \u00e0 tous les \u201cmakers\u201d les produits \u00e0 leur besoin pour s\u2019auto-r\u00e9aliser avec la nouvelle ligne Makers Line. Pour le bureau, nous proposons tous les \u00ab outils \u00bb incontournables, du porte-mine jusqu\u2019au stylo-bille classique.<\/p>\n<\/div>\n<\/div>\n<div>\n<hr \/>\n<\/div>\n<div><\/div>\n<div id=\"mecenat\">\n<div id=\"logomecene\">\n<p><img loading=\"lazy\" decoding=\"async\" class=\"alignnone size-medium wp-image-27440 aligncenter\" src=\"https:\/\/www.semainedelecriture.fr\/wp-content\/uploads\/2025\/07\/Majuscule-logo-CMJN-300x54.jpg\" alt=\"\" width=\"300\" height=\"54\" srcset=\"https:\/\/www.semainedelecriture.fr\/wp-content\/uploads\/2025\/07\/Majuscule-logo-CMJN-300x54.jpg 300w, https:\/\/www.semainedelecriture.fr\/wp-content\/uploads\/2025\/07\/Majuscule-logo-CMJN-1024x186.jpg 1024w, https:\/\/www.semainedelecriture.fr\/wp-content\/uploads\/2025\/07\/Majuscule-logo-CMJN-768x139.jpg 768w, https:\/\/www.semainedelecriture.fr\/wp-content\/uploads\/2025\/07\/Majuscule-logo-CMJN-1536x279.jpg 1536w, https:\/\/www.semainedelecriture.fr\/wp-content\/uploads\/2025\/07\/Majuscule-logo-CMJN-2048x372.jpg 2048w, https:\/\/www.semainedelecriture.fr\/wp-content\/uploads\/2025\/07\/Majuscule-logo-CMJN.jpg 2060w\" sizes=\"auto, (max-width: 300px) 100vw, 300px\" \/><\/p>\n<p>Majuscule est une coop\u00e9rative de distributeurs sp\u00e9cialis\u00e9s en papeterie, fournitures de bureau, fournitures scolaires et petite enfance, mobilier ergonomique, services g\u00e9n\u00e9raux et consommables d&rsquo;impression depuis plus de 65 ans.<\/p>\n<p>Avec plus de 120 adh\u00e9rents, Majuscule est un r\u00e9seau de distribution proche de vous, impliqu\u00e9 dans la vie \u00e9conomique de vos r\u00e9gions.<\/p>\n<p>Que vous soyez une PME, une \u00e9cole, une administration, une association ou bien encore un artisan, nos conseillers Majuscule seront toujours \u00e0 votre \u00e9coute afin de vous proposer les meilleures solutions li\u00e9es \u00e0 votre activit\u00e9 et votre quotidien.<\/p>\n<p>Aujourd&rsquo;hui Majuscule propose plus de 15 000 r\u00e9f\u00e9rences et des offres Entreprise et \u00c9ducation et Loisirs compl\u00e8tes.<\/p>\n<hr \/>\n<\/div>\n<\/div>\n<div>\n<p><img loading=\"lazy\" decoding=\"async\" class=\"aligncenter size-medium wp-image-27549\" src=\"https:\/\/www.semainedelecriture.fr\/wp-content\/uploads\/2025\/07\/LOGOS_IOBURO-rouge-transparent-300x112.png\" alt=\"\" width=\"300\" height=\"112\" srcset=\"https:\/\/www.semainedelecriture.fr\/wp-content\/uploads\/2025\/07\/LOGOS_IOBURO-rouge-transparent-300x112.png 300w, https:\/\/www.semainedelecriture.fr\/wp-content\/uploads\/2025\/07\/LOGOS_IOBURO-rouge-transparent.png 552w\" sizes=\"auto, (max-width: 300px) 100vw, 300px\" \/><\/p>\n<p>iOBURO<strong>,<\/strong> enseigne sp\u00e9cialis\u00e9e tourn\u00e9e vers le grand public (particulier et professionnel) est port\u00e9e par le groupe ALKOR depuis 2019, avec l\u2019ouverture du premier magasin \u00e0 Charleville M\u00e9zi\u00e8res. Ce concept a \u00e9t\u00e9 imagin\u00e9 et con\u00e7u pour proposer \u00e0 tous les publics l\u2019expertise d\u2019un groupe sp\u00e9cialis\u00e9 dans la distribution de fournitures scolaires et de mobilier de bureau. L\u2019enseigne au sourire offre \u00e0 ses clients le choix, le conseil et le plaisir d\u2019achat.<\/p>\n<hr \/>\n<p><img loading=\"lazy\" decoding=\"async\" class=\"aligncenter size-medium wp-image-27551\" src=\"https:\/\/www.semainedelecriture.fr\/wp-content\/uploads\/2025\/07\/logo-Office-depot-300x126.png\" alt=\"\" width=\"300\" height=\"126\" srcset=\"https:\/\/www.semainedelecriture.fr\/wp-content\/uploads\/2025\/07\/logo-Office-depot-300x126.png 300w, https:\/\/www.semainedelecriture.fr\/wp-content\/uploads\/2025\/07\/logo-Office-depot.png 625w\" sizes=\"auto, (max-width: 300px) 100vw, 300px\" \/><\/p>\n<p>Acteur historique de la fourniture de bureau, Office DEPOT, c\u2019est plus de 30 ans d\u2019exp\u00e9rience dans le domaine.<\/p>\n<p>Office DEPOT a d\u00e9velopp\u00e9 progressivement son activit\u00e9 pour fournir \u00e0 ses clients une offre compl\u00e8te de produits et services en magasin pour tout l\u2019environnement de travail.<\/p>\n<p>Fort aujourd\u2019hui de plus de\u00a0<strong>30 magasins<\/strong>, de forces de ventes et d\u2019un nouveau sites e-commerces, Office DEPOT s\u2019est impos\u00e9 comme le seul fournisseur de solutions pour l\u2019environnement de travail proposant un\u00a0<strong>service complet et de proximit\u00e9 \u00e0 ses clients<\/strong>\u00a0gr\u00e2ce \u00e0 ses diff\u00e9rents canaux.<\/p>\n<hr \/>\n<p><img loading=\"lazy\" decoding=\"async\" class=\"aligncenter size-medium wp-image-27558\" src=\"https:\/\/www.semainedelecriture.fr\/wp-content\/uploads\/2025\/07\/logo_bureau-vallee-300x147.png\" alt=\"\" width=\"300\" height=\"147\" srcset=\"https:\/\/www.semainedelecriture.fr\/wp-content\/uploads\/2025\/07\/logo_bureau-vallee-300x147.png 300w, https:\/\/www.semainedelecriture.fr\/wp-content\/uploads\/2025\/07\/logo_bureau-vallee-1024x501.png 1024w, https:\/\/www.semainedelecriture.fr\/wp-content\/uploads\/2025\/07\/logo_bureau-vallee-768x376.png 768w, https:\/\/www.semainedelecriture.fr\/wp-content\/uploads\/2025\/07\/logo_bureau-vallee-1536x752.png 1536w, https:\/\/www.semainedelecriture.fr\/wp-content\/uploads\/2025\/07\/logo_bureau-vallee-2048x1003.png 2048w\" sizes=\"auto, (max-width: 300px) 100vw, 300px\" \/><\/p>\n<\/div>\n<p>Bureau Vall\u00e9e est le sp\u00e9cialiste de la distribution de papeterie, mat\u00e9riel informatique, cartouches d\u2019encre, fournitures de bureau, fournitures scolaires, bureautique et mobilier de bureau. Nous proposons des produits de marque au prix le plus bas, que nos clients soient des professionnels ou des particuliers&#8230;<\/p>\n<p><a href=\"https:\/\/www.bureau-vallee.fr\/\" target=\"_blank\" rel=\"noopener\">https:\/\/www.bureau-vallee.fr\/<\/a><\/p>\n<div>\n<hr \/>\n<\/div>\n<div id=\"mecenat\">\n<div id=\"logomecene\">\n<p><img loading=\"lazy\" decoding=\"async\" class=\"aligncenter\" src=\"https:\/\/www.semainedelecriture.fr\/images\/logo-Stabilo.jpg\" width=\"199\" height=\"50\" border=\"0\" \/><\/p>\n<\/div>\n<p id=\"txtmecene\">Fabricant d&rsquo;instruments d\u2019\u00e9criture depuis plus de 150 ans, \u00a0incarne la qualit\u00e9, l\u2019innovation, la couleur et l&rsquo;engagement. \u00a0Accompagner les enfants d\u00e8s leurs premiers apprentissages (tout au long de leur parcours scolaire) s&rsquo;inscrit \u00e9galement au coeur des valeurs de la marque. C&rsquo;est pourquoi STABILO travaille depuis de nombreuses ann\u00e9es en \u00e9troite collaboration avec des experts qui ont pens\u00e9, m\u00eame pour les plus petits, chaque produit \u00a0pour que l\u2019apprentissage du dessin et de l&rsquo;\u00e9criture rime avec confort et\u00a0plaisir.<\/p>\n<\/div>\n<div>\n<hr \/>\n<\/div>\n<div id=\"mecenat\">\n<div id=\"logomecene\"><\/div>\n<p id=\"txtmecene\"><img loading=\"lazy\" decoding=\"async\" class=\"wp-image-1658 size-thumbnail aligncenter\" src=\"https:\/\/www.semainedelecriture.fr\/wp-content\/uploads\/2017\/09\/STAEDTLER_logo-150x150.jpg\" alt=\"\" width=\"150\" height=\"150\" srcset=\"https:\/\/www.semainedelecriture.fr\/wp-content\/uploads\/2017\/09\/STAEDTLER_logo-150x150.jpg 150w, https:\/\/www.semainedelecriture.fr\/wp-content\/uploads\/2017\/09\/STAEDTLER_logo-300x300.jpg 300w, https:\/\/www.semainedelecriture.fr\/wp-content\/uploads\/2017\/09\/STAEDTLER_logo.jpg 768w\" sizes=\"auto, (max-width: 150px) 100vw, 150px\" \/>STAEDTLER, groupe allemand pr\u00e9sent au niveau international dans plus de 150 pays, est fabricant d\u2019instruments d\u2019\u00e9criture et de dessin. Fond\u00e9 en 1835, Staedtler appartient \u00e0 la Fondation Staedtler, reconnue d\u2019utilit\u00e9 publique depuis 1997.<\/p>\n<p>STAEDTLER reste fid\u00e8le \u00e0 sa philosophie\u00a0: Innover avec des produits ayant la plus grande long\u00e9vit\u00e9 possible, limiter l\u2019impact sur l\u2019environnement, privil\u00e9gier la qualit\u00e9 de ses produits.<\/p>\n<p>Sa politique d\u2019innovation lui a permis la mise au point de nouveaux proc\u00e9d\u00e9s de fabrication\u00a0: WOPEX (crayon en bois fabriqu\u00e9 par extrusion), ABS (Mine gain\u00e9e plus solide), DRY SAFE INK (la pointe des feutres ne s\u00e8che pas \u00e0 l\u2019air libre)\u2026<br \/>\nUn seul moteur pour cette volont\u00e9\u00a0: Ecrire doit \u00eatre un plaisir.<\/p>\n<\/div>\n<div>\n<hr \/>\n<\/div>\n<div id=\"mecenat\">\n<div id=\"logomecene\"><img loading=\"lazy\" decoding=\"async\" class=\"aligncenter wp-image-20716\" src=\"https:\/\/www.semainedelecriture.fr\/wp-content\/uploads\/2022\/09\/MAPED_COM-300x207.png\" alt=\"Logo Maped\" width=\"225\" height=\"155\" srcset=\"https:\/\/www.semainedelecriture.fr\/wp-content\/uploads\/2022\/09\/MAPED_COM-300x207.png 300w, https:\/\/www.semainedelecriture.fr\/wp-content\/uploads\/2022\/09\/MAPED_COM-768x529.png 768w, https:\/\/www.semainedelecriture.fr\/wp-content\/uploads\/2022\/09\/MAPED_COM.png 924w\" sizes=\"auto, (max-width: 225px) 100vw, 225px\" \/><\/div>\n<p id=\"txtmecene\">Maped accompagne les petits &amp; les grands \u00e0 chaque rentr\u00e9e des classes depuis plus de 60 ans. Leader mondial des accessoires scolaires, l&rsquo;entreprise familiale s&rsquo;est naturellement tourn\u00e9e vers le march\u00e9 de l&rsquo;\u00e9criture afin de proposer des solutions malines \u00e0 ses consommateurs.<\/p>\n<p>Reconnue pour la qualit\u00e9 de ses produits et sa puissance d&rsquo;innovation, la marque s&rsquo;est donn\u00e9e comme mission de fournir des instruments d&rsquo;\u00e9criture repens\u00e9s pour et par ses utilisateurs, au service du plaisir d&rsquo;Ecrire. C&rsquo;est avec cet esprit toujours progressiste que Maped cr\u00e9\u00e9 une r\u00e9elle valeur ajout\u00e9e.<\/p>\n<p>Le stylo 4 couleurs Twin Tip, le stylo pour gaucher Visiopen, le roller \u00e0 chargement facile Reload\u2026 sont autant d&rsquo;illustrations de cette volont\u00e9 de proposer des solutions vraiment nouvelles et mieux adapt\u00e9es.<br \/>\nFa\u00eetes le test vous-m\u00eame, sur chaque produit il y a un avant\u2026 et un apr\u00e8s Maped !<\/p>\n<hr \/>\n<\/div>\n<p><img loading=\"lazy\" decoding=\"async\" class=\"alignnone size-full wp-image-27441 aligncenter\" src=\"https:\/\/www.semainedelecriture.fr\/wp-content\/uploads\/2025\/07\/bic.png\" alt=\"\" width=\"300\" height=\"95\" \/><\/p>\n<p class=\"ox-c1394a469a-MsoNormal\">Depuis sa cr\u00e9ation en 1944, Bic, Groupe familial fran\u00e7ais, a transform\u00e9 l\u2019usage du quotidien en patrimoine industriel. Avec une id\u00e9e simple : mettre \u00e0 la disposition de tous un outil d\u2019\u00e9criture fiable, accessible, sans fioriture. En 2025,\u00a0<strong>le BIC Cristal<\/strong>\u00a0f\u00eate ses 75 ans. Symbole de cette ambition d\u00e9mocratique, il accompagne depuis trois g\u00e9n\u00e9rations les \u00e9l\u00e8ves, les cr\u00e9ateurs, les professionnels. Loin d\u2019un simple stylo, il est devenu un outil de transmission et de pouvoir personnel, pr\u00e9sent sur les bancs d\u2019\u00e9cole comme dans les salles de r\u00e9union. Avec plus de 100 milliards d\u2019exemplaires vendus, il est \u00e0 la fois objet du quotidien et ic\u00f4ne du design, expos\u00e9 au\u00a0<strong>Centre Pompidou<\/strong>\u00a0comme au\u00a0<strong>MoMA<\/strong>.<\/p>\n<p class=\"ox-c1394a469a-MsoNormal\">Derri\u00e8re ce succ\u00e8s, un esprit pionnier. D\u00e8s 1975, Bic devient la premi\u00e8re marque \u00e0 lancer un rasoir monobloc, anticipant les gestes rapides et nomades de la vie moderne. En 1979, elle acquiert\u00a0<strong>Cont\u00e9\u00ae<\/strong>, une maison fran\u00e7aise fond\u00e9e deux si\u00e8cles plus t\u00f4t, et entre officiellement sur le march\u00e9 du dessin et du coloriage. Toujours attentive aux enjeux soci\u00e9taux, Bic devient en 2009 le premier fabricant d\u2019instruments d\u2019\u00e9criture \u00e0 obtenir\u00a0<strong>l\u2019\u00e9colabel NF Environnement<\/strong>, avec sept r\u00e9f\u00e9rences certifi\u00e9es.<\/p>\n<p class=\"ox-c1394a469a-MsoNormal\">En 2025,\u00a0<strong>Bic<\/strong>\u00a0est d\u00e9sign\u00e9e marque pr\u00e9f\u00e9r\u00e9e des Fran\u00e7ais, selon l\u2019Observatoire des marques, devan\u00e7ant des acteurs majeurs de l\u2019alimentaire et de la technologie. Une reconnaissance forte, t\u00e9moin d\u2019un attachement transg\u00e9n\u00e9rationnel.<\/p>\n<div>\n<hr \/>\n<\/div>\n<div id=\"mecenat\">\n<div id=\"logomecene\"><img loading=\"lazy\" decoding=\"async\" class=\"size-full wp-image-22347 aligncenter\" src=\"https:\/\/www.semainedelecriture.fr\/wp-content\/uploads\/2023\/07\/UPCP-logo.png\" alt=\"\" width=\"300\" height=\"117\" \/><\/div>\n<p id=\"txtmecene\">Cr\u00e9\u00e9e en 1990, l&rsquo;UPCP, Union Professionnelle de la Carte Postale, f\u00e9d\u00e8re <strong>tous les m\u00e9tiers de la carterie<\/strong> : \u00e9diteurs, imprimeurs et diffuseurs de cartes postales, de cartes de voeux, ainsi que d&#8217;emballages cadeaux et de calendriers. Sa vocation est de <strong>valoriser la dimension \u00e9conomique, sociale et culturelle des produits de Carterie<\/strong>.<\/p>\n<\/div>\n<div>\n<hr \/>\n<\/div>\n<div id=\"mecenat\">\n<div id=\"logomecene\"><img loading=\"lazy\" decoding=\"async\" class=\"aligncenter wp-image-20713 size-medium\" src=\"https:\/\/www.semainedelecriture.fr\/wp-content\/uploads\/2022\/09\/logo-UFIPA-300x134.jpg\" alt=\"logo UFIPA\" width=\"300\" height=\"134\" srcset=\"https:\/\/www.semainedelecriture.fr\/wp-content\/uploads\/2022\/09\/logo-UFIPA-300x134.jpg 300w, https:\/\/www.semainedelecriture.fr\/wp-content\/uploads\/2022\/09\/logo-UFIPA-1024x458.jpg 1024w, https:\/\/www.semainedelecriture.fr\/wp-content\/uploads\/2022\/09\/logo-UFIPA-768x344.jpg 768w, https:\/\/www.semainedelecriture.fr\/wp-content\/uploads\/2022\/09\/logo-UFIPA.jpg 1175w\" sizes=\"auto, (max-width: 300px) 100vw, 300px\" \/><\/div>\n<p id=\"txtmecene\">L&rsquo;UFIPA rassemble les diff\u00e9rentes composantes de la fili\u00e8re papeti\u00e8re : fabricants, importateurs, r\u00e9partiteurs et distributeurs.<br \/>\nL&rsquo;UFIPA est une cellule de r\u00e9flexion et de r\u00e9alisation. Elle m\u00e8ne une action commune pour servir l&rsquo;ensemble de la profession.<br \/>\n<strong>Trois objectifs<\/strong> fondamentaux ont ainsi \u00e9t\u00e9 retenus par l&rsquo;association :<br \/>\n<strong>&#8211;<\/strong>Rassembler tous les protagonistes de fa\u00e7on \u00e0 doter la profession d&rsquo;un organe<br \/>\nd&rsquo;expression collectif.<br \/>\n<strong>&#8211;<\/strong>Promouvoir et valoriser l&rsquo;ensemble de la profession.<br \/>\n<strong>&#8211;<\/strong>Servir la profession en diffusant l&rsquo;information et en stimulant les composantes.<br \/>\nL&rsquo;UFIPA compte \u00e0 ce jour plus de 70 adh\u00e9rents.<\/p>\n<\/div>\n<div id=\"logomecene\">\n<hr \/>\n<p><img loading=\"lazy\" decoding=\"async\" class=\"aligncenter\" src=\"https:\/\/www.semainedelecriture.fr\/images\/LOGO-FINAL-AIPB.png\" alt=\"logo AIPB\" width=\"200\" height=\"128\" \/><\/p>\n<\/div>\n<div id=\"mecenat\">\n<div id=\"txtmecene\">\n<p>L\u2019AIPB, l\u2019association des Industriels de la Papeterie et du Bureau, rassemble 6.000 collaborateurs en France, soit 44 entreprises et 70 marques pour un chiffre d\u2019affaires de plus de 1,6 milliard d\u2019euros.<\/p>\n<p>L\u2019AIPB a pour objectif de promouvoir le secteur d\u2019activit\u00e9 de la bureautique et de la papeterie au travers de ses adh\u00e9rents et des marques. Dans ce but, l\u2019AIPB met \u00e0 disposition de ses membres toute information n\u00e9cessaire \u00e0 la bonne compr\u00e9hension et au d\u00e9veloppement du march\u00e9 et de ses enjeux.<\/p>\n<p>Ainsi, l\u2019association permet de cr\u00e9er un forum de r\u00e9flexion sur des th\u00e9matiques communes \u00e0 tous les adh\u00e9rents telles que l\u2019\u00e9volution du march\u00e9, la l\u00e9gislation sociale, fiscale et environnementale\u2026<\/p>\n<p>L\u2019AIPB souhait mettre en avant la qualit\u00e9 sup\u00e9rieure des produits de ses membres et de leur valeur d\u2019usage aupr\u00e8s des utilisateurs. L\u2019AIPB a pour vocation de faciliter la relation entre les fabricants et les distributeurs, et ce \u00e0 tous les niveaux.<\/p>\n<p>L\u2019AIPB a pour ambition de repr\u00e9senter la profession aupr\u00e8s des distributeurs, des pouvoirs publics et des organismes \u00e9conomiques.<\/p>\n<\/div>\n<\/div>\n","protected":false},"excerpt":{"rendered":"<p>Nos actions sont possibles gr\u00e2ce au m\u00e9c\u00e9nat de :\u00a0 Schneider est une marque leader internationale pour les instruments d\u2019\u00e9criture. En tant qu\u2019entreprise familiale dirig\u00e9e par son propri\u00e9taire, et forte de 85 ans d\u2019exp\u00e9rience et d\u2019expertise, nous employons au total plus &hellip; <a href=\"https:\/\/www.semainedelecriture.fr\/index.php\/nos-partenaires\/\">Lire la suite\u00ad\u00ad<\/a><\/p>\n","protected":false},"author":1,"featured_media":0,"parent":0,"menu_order":10,"comment_status":"closed","ping_status":"closed","template":"","meta":{"_mi_skip_tracking":false,"kt_blocks_editor_width":"","footnotes":""},"class_list":["post-122","page","type-page","status-publish","hentry"],"_links":{"self":[{"href":"https:\/\/www.semainedelecriture.fr\/index.php\/wp-json\/wp\/v2\/pages\/122","targetHints":{"allow":["GET"]}}],"collection":[{"href":"https:\/\/www.semainedelecriture.fr\/index.php\/wp-json\/wp\/v2\/pages"}],"about":[{"href":"https:\/\/www.semainedelecriture.fr\/index.php\/wp-json\/wp\/v2\/types\/page"}],"author":[{"embeddable":true,"href":"https:\/\/www.semainedelecriture.fr\/index.php\/wp-json\/wp\/v2\/users\/1"}],"replies":[{"embeddable":true,"href":"https:\/\/www.semainedelecriture.fr\/index.php\/wp-json\/wp\/v2\/comments?post=122"}],"version-history":[{"count":41,"href":"https:\/\/www.semainedelecriture.fr\/index.php\/wp-json\/wp\/v2\/pages\/122\/revisions"}],"predecessor-version":[{"id":27645,"href":"https:\/\/www.semainedelecriture.fr\/index.php\/wp-json\/wp\/v2\/pages\/122\/revisions\/27645"}],"wp:attachment":[{"href":"https:\/\/www.semainedelecriture.fr\/index.php\/wp-json\/wp\/v2\/media?parent=122"}],"curies":[{"name":"wp","href":"https:\/\/api.w.org\/{rel}","templated":true}]}}