{"id":17141,"date":"2021-09-21T19:42:52","date_gmt":"2021-09-21T17:42:52","guid":{"rendered":"https:\/\/www.semainedelecriture.fr\/?page_id=17141"},"modified":"2025-09-18T22:04:57","modified_gmt":"2025-09-18T20:04:57","slug":"le-concours-2","status":"publish","type":"page","link":"https:\/\/www.semainedelecriture.fr\/index.php\/le-concours-2\/","title":{"rendered":"Les Modalit\u00e9s du Concours"},"content":{"rendered":"\n<div class=\"wp-block-group\"><div class=\"wp-block-group__inner-container is-layout-flow wp-block-group-is-layout-flow\">\n<h4 class=\"wp-block-heading\"><span class=\"moyens_ti\">R\u00e8glement<\/span><\/h4>\n\n\n\n<p><strong><a href=\"https:\/\/www.semainedelecriture.fr\/wp-content\/uploads\/2025\/09\/REGLEMENT_CONCOURS_2025.pdf\" data-type=\"link\" data-id=\"https:\/\/www.semainedelecriture.fr\/wp-content\/uploads\/2025\/08\/REGLEMENT_CONCOURS_2025-1.pdf\" target=\"_blank\" rel=\"noreferrer noopener\">T\u00e9l\u00e9chargez le r\u00e8glement du concours ici<\/a><\/strong><\/p>\n\n\n\n<p><\/p>\n\n\n\n<h4 class=\"wp-block-heading\" id=\"histoire\"><span class=\"moyens_ti\">Organisation<\/span><\/h4>\n\n\n\n<div>\n<p>La Semaine de l&rsquo;\u00e9criture, dont le si\u00e8ge est situ\u00e9 : Mairie &#8211; place de la R\u00e9publique 61130 Bell\u00eame, organise <strong>du 6 au 14 octobre 2025<\/strong>, <strong>un concours du<\/strong> <strong>plus beau texte \u00e9crit manuellement<\/strong> sur le th\u00e8me \u00ab <strong>L&rsquo;amiti\u00e9 <\/strong>\u00bb, l&rsquo;objectif \u00e9tant de partager par \u00e9crit ses \u00e9motions, ses souvenirs.<\/p>\n<h4 id=\"moda\"><span class=\"moyens_ti\">Modalit\u00e9s de participation<\/span><\/h4>\n<div><strong>Afin de donner la m\u00eame chance \u00e0 tous les participants nous avons d\u00e9cid\u00e9 de rendre obligatoire le format de 18X15 cm maximum pour r\u00e9diger le plus beau texte manuscrit.<br><br>\nLes participants pourront t\u00e9l\u00e9charger le support au bon format sur notre site, dans la rubrique\n\u00ab t\u00e9l\u00e9chargement \u00bb.<br><br>\nLes participants qui le d\u00e9sirent pourront fabriquer eux m\u00eame leur support \u00e0 condition de\nrespecter le bon format.<\/strong><\/div><br>\n<div>Ce concours sera accessible \u00e0 <strong>toute personne physique majeure<\/strong> \u00e0 la <strong>date d&rsquo;ouverture du concours, le 6 octobre 2025 \u00e0 00h00<\/strong> et r\u00e9sidant en France (Outre-mer inclus), <strong>ainsi qu&rsquo;aux enfants de 6 \u00e0 17 ans.<\/strong> Ouvert \u00e9galement \u00e0 tous les \u00e9tablissements scolaires, les centres de loisirs, maisons de retraite, les m\u00e9diath\u00e8ques et toute association d\u00e9sirant faire participer leurs membres. Les mairies seront, elles aussi, sensibilis\u00e9es pour accueillir et organiser ce concours en leurs locaux.<\/div>\n<p><strong>Une seule participation par personne est autoris\u00e9e. En cas de candidatures multiples, la participation sera totalement invalid\u00e9e.<\/strong><br>Les personnes ayant particip\u00e9 directement ou indirectement \u00e0 l&rsquo;\u00e9laboration du concours ne sont pas autoris\u00e9es \u00e0 y participer.<br>Toute participation jug\u00e9e de mauvaise qualit\u00e9 ou diffamatoire, et ne respectant pas les conditions pr\u00e9vues \u00e0 l&rsquo;article 3 du r\u00e8glement, ou re\u00e7ue apr\u00e8s la date et l&rsquo;heure limite de participation, <strong>soit le 18 octobre 2025 \u00e0 minuit<\/strong> -cachet de la poste faisant foi- sera consid\u00e9r\u00e9e comme irrecevable.<br>La soci\u00e9t\u00e9 organisatrice attire l&rsquo;attention sur le fait que toute personne mineure participant \u00e0 ce concours est r\u00e9put\u00e9e participer sous le contr\u00f4le et avec le consentement de ses parents ou du(es) titulaire(s) de l&rsquo;autorit\u00e9 parentale, ou \u00e0 d\u00e9faut, de son\/ses tuteur(s) l\u00e9gaux.<br>Les candidats ne respectant pas l&rsquo;une ou l&rsquo;autre des conditions \u00e9dict\u00e9es au pr\u00e9sent article seront automatiquement disqualifi\u00e9s.<\/p>\n<br><b>Les textes sont \u00e0 envoyer \u00e0 l&rsquo;adresse suivante :<\/b>\n\n\n\n<div class=\"wp-block-group\"><div class=\"wp-block-group__inner-container is-layout-constrained wp-block-group-is-layout-constrained\">\n<h4 class=\"wp-block-heading\"><\/h4>\n<\/div><\/div>\n\n\n\n<div style=\"text-align: center;\"><br><strong>Semaine de l&rsquo;\u00e9criture<br>BP 11<br>61130 Bell\u00eame<\/strong>\n<br><br>\n<\/div>\n\n\n\n<div><strong>Concernant les envois group\u00e9s des \u00e9coles, une feuille r\u00e9capitulative avec les noms, pr\u00e9noms et dates de naissance des enfants sera adress\u00e9e par l\u2019enseignant. Sur cette feuille l&rsquo;enseignant, pourra s&rsquo;il le souhaite, indiquer ses coups de coeur ou textes pr\u00e9f\u00e9r\u00e9s<\/strong>.<br><\/div>\n\n\n\n<h4 class=\"wp-block-heading\"><span class=\"moyens_ti\">D\u00e9termination du gagnant<\/span><\/h4>\n\n\n\n<div>Une pr\u00e9s\u00e9lection est faite par des membres d&rsquo;associations d&rsquo;\u00e9criture.\n\nUn jury compos\u00e9 de professeurs des \u00e9coles et de membres d&rsquo;associations d&rsquo;\u00e9criture se r\u00e9unit fin novembre pour s\u00e9lectionner les 10 meilleurs textes par cat\u00e9gorie.\n<br \/>\nLes cat\u00e9gories d&rsquo;\u00e2ges retenues sont les suivantes :\n<\/div>\n\n\n\n<div>\n<table style=\"font-weight: bold;\">\n<tbody>\n<tr>\n<td>CP<\/td>\n<td width=\"80\">&nbsp;<\/td>\n<td>6 ans<\/td>\n<\/tr>\n<tr>\n<td>CE1\/CE2<\/td>\n<td width=\"80\">&nbsp;<\/td>\n<td>7\/8 ans<\/td>\n<\/tr>\n<tr>\n<td>CM1\/CM2<\/td>\n<td width=\"80\">&nbsp;<\/td>\n<td>9\/10 ans<\/td>\n<\/tr>\n<tr>\n<td>6e \/5e<\/td>\n<td width=\"80\">&nbsp;<\/td>\n<td>11\/12 ans<\/td>\n<\/tr>\n<tr>\n<td>4e \/ 3e<\/td>\n<td width=\"80\">&nbsp;<\/td>\n<td>13\/14 ans<\/td>\n<\/tr>\n<tr>\n<td>2de \/ 1re \/ Terminale<\/td>\n<td width=\"80\">&nbsp;<\/td>\n<td>15\/17 ans<\/td>\n<\/tr>\n<tr>\n<td>Autres classes et \u00e9tablissements sp\u00e9cialis\u00e9s<\/td>\n<td width=\"80\">&nbsp;<\/td>\n<td>Le jury d\u00e9signera les laur\u00e9ats sans tenir compte de l\u2019\u00e2ge<\/td>\n<\/tr><tr>\n<td>Adultes<\/td>\n<td width=\"80\">&nbsp;<\/td>\n<td>18 et plus<\/td>\n<\/tr>\n<\/tbody>\n<\/table>\n<br>\n<\/div>\n\n\n\n<div><span style=\"font-size: inherit;\">Cette s\u00e9lection s&rsquo;organisera sur les crit\u00e8res suivants, mais son appr\u00e9ciation par le jury sera n\u00e9anmoins subjective :<\/span><\/div>\n\n\n\n<div>\n<p><strong>La coh\u00e9rence avec le th\u00e8me du concours<br>Le respect des directives donn\u00e9es dans la description du concours<br>L&rsquo;originalit\u00e9 de l&rsquo;\u0153uvre propos\u00e9e. <\/strong>Les finalistes seront d\u00e9sign\u00e9s parmi les participants respectant toutes les conditions \u00e9nonc\u00e9es dans le r\u00e8glement et ayant envoy\u00e9 leur texte <strong>avant le 18 Octobre \u00e0 minuit<\/strong>.<\/p>\n<\/div>\n\n\n\n<div>&nbsp;<\/div>\n\n\n\n<h4 class=\"wp-block-heading\">Lots des gagnants par cat\u00e9gorie<\/h4>\n\n\n\n<p class=\"has-text-align-left\">1<sup>er<\/sup>&nbsp;: <strong>carte-cadeau, valeur 150 euros<\/strong><br>2\u00e8me: <strong>carte-cadeau, valeur 100 euros<\/strong><br>3\u00e8me: <strong>carte-cadeau, valeur 50 euros<\/strong><br>du 1<sup>er<\/sup> au 10\u00e8me: <strong>dotation en produits d&rsquo;\u00e9criture<\/strong><\/p>\n\n\n\n<div>&nbsp;<\/div>\n\n\n\n<div>&nbsp;<\/div>\n<\/div><\/div>\n\n\n\n<p><\/p>\n","protected":false},"excerpt":{"rendered":"<p>R\u00e8glement T\u00e9l\u00e9chargez le r\u00e8glement du concours ici Organisation La Semaine de l&rsquo;\u00e9criture, dont le si\u00e8ge est situ\u00e9 : Mairie &#8211; place de la R\u00e9publique 61130 Bell\u00eame, organise du 6 au 14 octobre 2025, un concours du plus beau texte \u00e9crit &hellip; <a href=\"https:\/\/www.semainedelecriture.fr\/index.php\/le-concours-2\/\">Lire la suite\u00ad\u00ad<\/a><\/p>\n","protected":false},"author":1,"featured_media":0,"parent":0,"menu_order":9,"comment_status":"closed","ping_status":"closed","template":"","meta":{"_mi_skip_tracking":false,"kt_blocks_editor_width":"","footnotes":""},"class_list":["post-17141","page","type-page","status-publish","hentry"],"_links":{"self":[{"href":"https:\/\/www.semainedelecriture.fr\/index.php\/wp-json\/wp\/v2\/pages\/17141","targetHints":{"allow":["GET"]}}],"collection":[{"href":"https:\/\/www.semainedelecriture.fr\/index.php\/wp-json\/wp\/v2\/pages"}],"about":[{"href":"https:\/\/www.semainedelecriture.fr\/index.php\/wp-json\/wp\/v2\/types\/page"}],"author":[{"embeddable":true,"href":"https:\/\/www.semainedelecriture.fr\/index.php\/wp-json\/wp\/v2\/users\/1"}],"replies":[{"embeddable":true,"href":"https:\/\/www.semainedelecriture.fr\/index.php\/wp-json\/wp\/v2\/comments?post=17141"}],"version-history":[{"count":75,"href":"https:\/\/www.semainedelecriture.fr\/index.php\/wp-json\/wp\/v2\/pages\/17141\/revisions"}],"predecessor-version":[{"id":28243,"href":"https:\/\/www.semainedelecriture.fr\/index.php\/wp-json\/wp\/v2\/pages\/17141\/revisions\/28243"}],"wp:attachment":[{"href":"https:\/\/www.semainedelecriture.fr\/index.php\/wp-json\/wp\/v2\/media?parent=17141"}],"curies":[{"name":"wp","href":"https:\/\/api.w.org\/{rel}","templated":true}]}}