{"id":35,"date":"2017-05-03T18:02:14","date_gmt":"2017-05-03T16:02:14","guid":{"rendered":"http:\/\/www.semainedelecriture.fr\/V3\/?page_id=35"},"modified":"2025-01-17T19:25:34","modified_gmt":"2025-01-17T18:25:34","slug":"nos-actions","status":"publish","type":"page","link":"https:\/\/www.semainedelecriture.fr\/index.php\/nos-actions\/","title":{"rendered":"Nos actions"},"content":{"rendered":"<h4 class=\"inter_ti\">Dans les Ecoles, coll\u00e8ges, lyc\u00e9es<\/h4>\n<p>Les enseignants peuvent faire participer leurs \u00e9l\u00e8ves individuellement<\/p>\n<h4>Dans les Mairies<\/h4>\n<p>La Semaine de l\u2019\u00e9criture s\u2019invite dans toutes les mairies. Une semaine pour s\u2019envoyer des courriers, des cartes postales qui resteront dans nos archives. Nous vous proposons, durant cette semaine, d\u2019organiser des manifestations dans votre commune, en sollicitant toutes les associations li\u00e9es \u00e0 l\u2019\u00e9criture, \u00e0 la culture ou \u00e0 l\u2019animation. Nous proposons en particulier l\u2019organisation d\u2019expositions de textes \u00e9crits \u00ab \u00e0 l\u2019ancienne \u00bb tels qu\u2019il en existe dans toutes les archives des mairies.<\/p>\n<h4>Dans les ateliers et associations d\u2019\u00e9criture<\/h4>\n<p>Vous animez un atelier ou \u00eates membres d\u2019une association d\u2019\u00e9criture ? Participez \u00e0 la Semaine de l\u2019\u00e9criture !<\/p>\n<h4>Dans les Biblioth\u00e8ques et les m\u00e9diath\u00e8ques<\/h4>\n<p>Pour cette nouvelle \u00e9dition, les biblioth\u00e8ques et m\u00e9diath\u00e8ques, ainsi que les communaut\u00e9s de communes seront sensibilis\u00e9es \u00e0 nos actions, afin de permettre \u00e0 un public toujours plus large et plus vari\u00e9 d\u2019y \u00a0participer.<\/p>\n<p>\u00c0 la suite de l\u2019op\u00e9ration, la Semaine de l\u2019\u00e9criture poursuivra son activit\u00e9 autour de diff\u00e9rentes op\u00e9rations, pour que tout au long de l\u2019ann\u00e9e, les \u00e9l\u00e8ves et les enseignants, ainsi que les p\u00e9riscolaires et les particuliers, se mobilisent pour d\u00e9fendre ensemble la pratique de l\u2019\u00e9criture manuelle.<\/p>\n","protected":false},"excerpt":{"rendered":"<p>Dans les Ecoles, coll\u00e8ges, lyc\u00e9es Les enseignants peuvent faire participer leurs \u00e9l\u00e8ves individuellement Dans les Mairies La Semaine de l\u2019\u00e9criture s\u2019invite dans toutes les mairies. Une semaine pour s\u2019envoyer des courriers, des cartes postales qui resteront dans nos archives. Nous &hellip; <a href=\"https:\/\/www.semainedelecriture.fr\/index.php\/nos-actions\/\">Lire la suite\u00ad\u00ad<\/a><\/p>\n","protected":false},"author":1,"featured_media":0,"parent":0,"menu_order":8,"comment_status":"closed","ping_status":"closed","template":"","meta":{"_mi_skip_tracking":false,"kt_blocks_editor_width":"","footnotes":""},"class_list":["post-35","page","type-page","status-publish","hentry"],"_links":{"self":[{"href":"https:\/\/www.semainedelecriture.fr\/index.php\/wp-json\/wp\/v2\/pages\/35","targetHints":{"allow":["GET"]}}],"collection":[{"href":"https:\/\/www.semainedelecriture.fr\/index.php\/wp-json\/wp\/v2\/pages"}],"about":[{"href":"https:\/\/www.semainedelecriture.fr\/index.php\/wp-json\/wp\/v2\/types\/page"}],"author":[{"embeddable":true,"href":"https:\/\/www.semainedelecriture.fr\/index.php\/wp-json\/wp\/v2\/users\/1"}],"replies":[{"embeddable":true,"href":"https:\/\/www.semainedelecriture.fr\/index.php\/wp-json\/wp\/v2\/comments?post=35"}],"version-history":[{"count":48,"href":"https:\/\/www.semainedelecriture.fr\/index.php\/wp-json\/wp\/v2\/pages\/35\/revisions"}],"predecessor-version":[{"id":26720,"href":"https:\/\/www.semainedelecriture.fr\/index.php\/wp-json\/wp\/v2\/pages\/35\/revisions\/26720"}],"wp:attachment":[{"href":"https:\/\/www.semainedelecriture.fr\/index.php\/wp-json\/wp\/v2\/media?parent=35"}],"curies":[{"name":"wp","href":"https:\/\/api.w.org\/{rel}","templated":true}]}}