{"id":7459,"date":"2019-07-25T15:18:30","date_gmt":"2019-07-25T13:18:30","guid":{"rendered":"http:\/\/www.semainedelecriture.fr\/?page_id=7459"},"modified":"2025-01-17T18:13:58","modified_gmt":"2025-01-17T17:13:58","slug":"rgpd","status":"publish","type":"page","link":"https:\/\/www.semainedelecriture.fr\/index.php\/rgpd\/","title":{"rendered":"RGPD"},"content":{"rendered":"<p><strong>POLITIQUE DE PROTECTION DES DONN<\/strong>\u00c9<strong>ES A CARACT\u00c8RE PERSONNEL DES PARTICIPANTS \u00c0 LA SEMAINE DE L\u2019\u00c9CRITURE<\/strong><\/p>\n<ol>\n<li><strong>Objet<\/strong><\/li>\n<\/ol>\n<p>Pour satisfaire \u00e0 son bon fonctionnement, l\u2019association Semaine de l\u2019\u00e9criture est tenue de mettre en \u0153uvre et d\u2019exploiter des traitements de donn\u00e9es \u00e0 caract\u00e8re personnel relatifs aux participants au grand concours national qu\u2019elle organise.<\/p>\n<p>La pr\u00e9sente politique a pour objet de satisfaire \u00e0 notre obligation d\u2019information et de rappeler les droits dont vous disposez en mati\u00e8re de donn\u00e9es \u00e0 caract\u00e8re personnel.<\/p>\n<ol start=\"2\">\n<li><strong>Base l\u00e9gale<\/strong><\/li>\n<\/ol>\n<p>Les traitements mis en \u0153uvre par l\u2019association Semaine de l\u2019\u00e9criture au titre de la pr\u00e9sente politique ont pour base l\u00e9gale\u00a0:<\/p>\n<ul>\n<li>pour les participants, l\u2019inscription, en l\u2019occurrence le formulaire accessible sur notre site web\u00a0;<\/li>\n<li>pour les contacts, le consentement ou l\u2019int\u00e9r\u00eat l\u00e9gitime.<\/li>\n<\/ul>\n<ol start=\"3\">\n<li><strong>Finalit\u00e9s<\/strong><\/li>\n<\/ol>\n<p>Nous traitons vos donn\u00e9es \u00e0 caract\u00e8re personnel pour les finalit\u00e9s suivantes\u00a0:<\/p>\n<ul>\n<li>gestion des inscriptions\u00a0;<\/li>\n<li>envoi de lettres d\u2019information\u00a0;<\/li>\n<li>traitement des demandes formul\u00e9es via les formulaires\u00a0en ligne sur notre site web ;<\/li>\n<li>r\u00e9alisation d\u2019\u00e9tats statistiques.<\/li>\n<\/ul>\n<ol start=\"4\">\n<li><strong>Destinataires<\/strong><\/li>\n<\/ol>\n<p>Sont destinataires de vos donn\u00e9es des destinataires internes selon les cas.<\/p>\n<p>Les destinataires internes concernent l\u2019ensemble du personnel salari\u00e9 et\/ou non salari\u00e9 de notre association.<\/p>\n<ol start=\"5\">\n<li><strong>Dur\u00e9e de conservation<\/strong><\/li>\n<\/ol>\n<p>Vos donn\u00e9es sont trait\u00e9es pendant une dur\u00e9e limit\u00e9e que nous d\u00e9terminons au regard des contraintes l\u00e9gales et contractuelles qui p\u00e8sent sur nous et, \u00e0 d\u00e9faut, en fonction de nos besoins.<\/p>\n<p>De fa\u00e7on g\u00e9n\u00e9rale\u00a0:<\/p>\n<ul>\n<li>les donn\u00e9es des participants sont conserv\u00e9es pour une dur\u00e9e de 5 ans \u00e0 des fins de gestion administrative et de statistiques\u00a0;<\/li>\n<li>les donn\u00e9es des utilisateurs sont conserv\u00e9es pendant 3 ans \u00e0 compter du dernier contact \u00e9manant de l\u2019utilisateur.<\/li>\n<li>les donn\u00e9es des contacts sont conserv\u00e9es pendant 3 ans \u00e0 compter du dernier \u00e9change \u00e9manant du contact.<\/li>\n<\/ul>\n<ol start=\"6\">\n<li><strong>Vos droits<\/strong><\/li>\n<\/ol>\n<p>Vous \u00eates investi des droits suivants s\u2019agissant de vos donn\u00e9es \u00e0 caract\u00e8re personnel\u00a0:<\/p>\n<ul>\n<li>un droit de nous demander confirmation que des donn\u00e9es vous concernant sont trait\u00e9es, d\u2019acc\u00e9der \u00e0 ces donn\u00e9es et d\u2019en demander une copie\u00a0;<\/li>\n<li>un droit de faire rectifier toute donn\u00e9e vous concernant qui serait erron\u00e9e ou obsol\u00e8te\u00a0;<\/li>\n<li>un droit d\u2019obtenir la suppression imm\u00e9diate de vos donn\u00e9es sur simple demande.<\/li>\n<\/ul>\n<p>La demande d\u2019exercice de vos droits doit \u00e9maner de vous exclusivement, \u00eatre accompagn\u00e9e d\u2019un titre d\u2019identit\u00e9 et \u00eatre formul\u00e9e par \u00e9crit \u00e0 destination d\u2019un membre de l\u2019\u00e9quipe de l\u2019association Semaine de l\u2019\u00e9criture.<\/p>\n<ol start=\"7\">\n<li><strong>S\u00e9curit\u00e9<\/strong><\/li>\n<\/ol>\n<p>Nous mettons en \u0153uvre les mesures techniques et organisationnelles que nous estimons appropri\u00e9es pour lutter contre la destruction, la perte, l\u2019alt\u00e9ration ou la divulgation non autoris\u00e9es de donn\u00e9es vous concernant.<\/p>\n<p>En cas de violation de donn\u00e9es, nous nous engageons \u00e0 en notifier la Cnil dans les conditions prescrites par le RGPD.<\/p>\n<p>Si ladite violation fait peser un risque \u00e9lev\u00e9 pour nos participants, nous nous engageons \u00e0 en aviser ceux qui sont concern\u00e9s et \u00e0 leur communiquer les informations et recommandations n\u00e9cessaires.<\/p>\n<ol start=\"8\">\n<li><strong>D\u00e9l\u00e9gu\u00e9 \u00e0 la protection des donn\u00e9es<\/strong><\/li>\n<\/ol>\n<p>Dans l\u2019hypoth\u00e8se o\u00f9 nous d\u00e9signerions un d\u00e9l\u00e9gu\u00e9 \u00e0 la protection des donn\u00e9es, nous nous engageons \u00e0 vous communiquer ses coordonn\u00e9es.<\/p>\n<ol start=\"9\">\n<li><strong>Registre des traitements<\/strong><\/li>\n<\/ol>\n<p>Lorsque la r\u00e9glementation nous l\u2019impose nous tenons \u00e0 jour, \u00e0 la disposition de la Cnil, un registre des op\u00e9rations de traitement.<\/p>\n<ol start=\"10\">\n<li><strong>Contacts Cnil<\/strong><\/li>\n<\/ol>\n<p>Comme la loi vous y autorise, vous pouvez introduire une plainte aupr\u00e8s de la Cnil \u00e0 l\u2019adresse suivante\u00a0: Service des plaintes de la Cnil, 3 place de Fontenoy \u2013 TSA 80751, 75334 Paris Cedex 07 ou par t\u00e9l\u00e9phone au 01.53.73.22.22<\/p>\n<ol start=\"11\">\n<li><strong>R\u00e9vision<\/strong><\/li>\n<\/ol>\n<p>En cas d\u2019\u00e9volution r\u00e9glementaire ou de recommandations de la Cnil, nous nous r\u00e9servons le droit de modifier la pr\u00e9sente politique. Toute nouvelle politique vous est notifi\u00e9e avant son entr\u00e9e en vigueur.<\/p>\n","protected":false},"excerpt":{"rendered":"<p>POLITIQUE DE PROTECTION DES DONN\u00c9ES A CARACT\u00c8RE PERSONNEL DES PARTICIPANTS \u00c0 LA SEMAINE DE L\u2019\u00c9CRITURE Objet Pour satisfaire \u00e0 son bon fonctionnement, l\u2019association Semaine de l\u2019\u00e9criture est tenue de mettre en \u0153uvre et d\u2019exploiter des traitements de donn\u00e9es \u00e0 caract\u00e8re &hellip; <a href=\"https:\/\/www.semainedelecriture.fr\/index.php\/rgpd\/\">Lire la suite\u00ad\u00ad<\/a><\/p>\n","protected":false},"author":1,"featured_media":0,"parent":0,"menu_order":13,"comment_status":"closed","ping_status":"closed","template":"","meta":{"_mi_skip_tracking":false,"kt_blocks_editor_width":"","footnotes":""},"class_list":["post-7459","page","type-page","status-publish","hentry"],"_links":{"self":[{"href":"https:\/\/www.semainedelecriture.fr\/index.php\/wp-json\/wp\/v2\/pages\/7459","targetHints":{"allow":["GET"]}}],"collection":[{"href":"https:\/\/www.semainedelecriture.fr\/index.php\/wp-json\/wp\/v2\/pages"}],"about":[{"href":"https:\/\/www.semainedelecriture.fr\/index.php\/wp-json\/wp\/v2\/types\/page"}],"author":[{"embeddable":true,"href":"https:\/\/www.semainedelecriture.fr\/index.php\/wp-json\/wp\/v2\/users\/1"}],"replies":[{"embeddable":true,"href":"https:\/\/www.semainedelecriture.fr\/index.php\/wp-json\/wp\/v2\/comments?post=7459"}],"version-history":[{"count":5,"href":"https:\/\/www.semainedelecriture.fr\/index.php\/wp-json\/wp\/v2\/pages\/7459\/revisions"}],"predecessor-version":[{"id":12566,"href":"https:\/\/www.semainedelecriture.fr\/index.php\/wp-json\/wp\/v2\/pages\/7459\/revisions\/12566"}],"wp:attachment":[{"href":"https:\/\/www.semainedelecriture.fr\/index.php\/wp-json\/wp\/v2\/media?parent=7459"}],"curies":[{"name":"wp","href":"https:\/\/api.w.org\/{rel}","templated":true}]}}