{"id":7468,"date":"2019-07-26T12:31:37","date_gmt":"2019-07-26T10:31:37","guid":{"rendered":"http:\/\/www.semainedelecriture.fr\/?page_id=7468"},"modified":"2025-01-17T19:29:21","modified_gmt":"2025-01-17T18:29:21","slug":"on-en-parle","status":"publish","type":"page","link":"https:\/\/www.semainedelecriture.fr\/index.php\/on-en-parle\/","title":{"rendered":"On en parle"},"content":{"rendered":"<h5 style=\"text-align: center;\"><a href=\"https:\/\/www.slate.fr\/story\/149070\/prendre-notes-stylo-apprentissage-plus-jeunes\" target=\"_blank\" rel=\"noopener noreferrer\">L&rsquo;\u00e9criture \u00e0 la main fait son grand retour dans les salles de classe aux \u00c9tats-Unis<\/a><\/h5>\n<h5 style=\"text-align: center;\"><a href=\"https:\/\/www.slate.fr\/story\/149070\/prendre-notes-stylo-apprentissage-plus-jeunes\" target=\"_blank\" rel=\"noopener noreferrer\"><img loading=\"lazy\" decoding=\"async\" class=\"wp-image-1058 aligncenter\" src=\"https:\/\/www.semainedelecriture.fr\/wp-content\/uploads\/2017\/05\/Logo-Slate.jpg\" alt=\"\" width=\"56\" height=\"23\" \/><\/a><\/h5>\n<h5 class=\"fig-main-title\" style=\"text-align: center;\"><a href=\"https:\/\/www.lefigaro.fr\/langue-francaise\/actu-des-mots\/2017\/07\/30\/37002-20170730ARTFIG00006-l-ecriture-sur-clavier-un-danger-pour-votre-cerveau.php\" target=\"_blank\" rel=\"noopener noreferrer\">L&rsquo;\u00e9criture sur clavier : un danger pour votre cerveau <img loading=\"lazy\" decoding=\"async\" class=\"wp-image-1057 aligncenter\" src=\"https:\/\/www.semainedelecriture.fr\/wp-content\/uploads\/2017\/05\/leFigaroFr.jpg\" alt=\"\" width=\"151\" height=\"38\" \/><\/a><\/h5>\n<h5 class=\"fig-main-title\" style=\"text-align: center;\"><a href=\"https:\/\/www.lefigaro.fr\/langue-francaise\/expressions-francaises\/2017\/10\/06\/37003-20171006ARTFIG00015-comment-l-ordinateur-influe-sur-notre-ecriture.php\" target=\"_blank\" rel=\"noopener noreferrer\" data-wplink-edit=\"true\">Comment l&rsquo;ordinateur influe sur notre \u00e9criture<\/a><\/h5>\n<h5 class=\"fig-main-title\" style=\"text-align: center;\"><a href=\"https:\/\/www.lefigaro.fr\/langue-francaise\/expressions-francaises\/2017\/10\/06\/37003-20171006ARTFIG00015-comment-l-ordinateur-influe-sur-notre-ecriture.php\" target=\"_blank\" rel=\"noopener noreferrer\"><img loading=\"lazy\" decoding=\"async\" class=\"aligncenter wp-image-1057\" src=\"https:\/\/www.semainedelecriture.fr\/wp-content\/uploads\/2017\/05\/leFigaroFr.jpg\" alt=\"\" width=\"151\" height=\"38\" \/><\/a><\/h5>\n<p style=\"text-align: center;\"><a href=\"https:\/\/www.semainedelecriture.fr\/presse\/2019\/FR1613042_617271808.pdf\" target=\"_blank\" rel=\"noopener noreferrer\">Lisez l&rsquo;article de <strong>Ouest France<\/strong> du 8 octobre 2019 qui parle de notre action !<\/a><br \/>\n<a href=\"https:\/\/www.semainedelecriture.fr\/presse\/2019\/FR1613042_617271808.pdf\" target=\"_blank\" rel=\"noopener noreferrer\"><img loading=\"lazy\" decoding=\"async\" class=\"aligncenter wp-image-10024\" src=\"https:\/\/www.semainedelecriture.fr\/wp-content\/uploads\/2019\/10\/LOGO-OUEST-FRANCE-1.jpg\" alt=\"\" width=\"100\" height=\"34\" \/><\/a><\/p>\n<p style=\"text-align: center;\">Voici quelques articles qui parlent de l&rsquo;apprentissage de l&rsquo;\u00e9criture manuel<\/p>\n<h5 style=\"text-align: center;\"><a href=\"https:\/\/www.pedagogie.ac-aix-marseille.fr\/upload\/docs\/application\/pdf\/2018-01\/velay_longcamp_2012.pdf\" target=\"_blank\" rel=\"noopener noreferrer\"><strong>Clavier ou stylo : comment apprendre \u00e0 \u00e9crire ?<\/strong><\/a><\/h5>\n<p style=\"text-align: center;\">Jean-Luc Velay et\u00a0Marieke Longcamp<\/p>\n<h5 style=\"text-align: center;\"><a href=\"https:\/\/naitreetgrandir.com\/fr\/etape\/5-8-ans\/ecole\/fiche.aspx?doc=apprendre-a-ecrire\" target=\"_blank\" rel=\"noopener noreferrer\"><strong>Apprendre \u00e0 \u00e9crire<\/strong><\/a><\/h5>\n<p style=\"text-align: center;\">\u00c9quipe Na\u00eetre et grandir<\/p>\n<h5 style=\"text-align: center;\"><a href=\"https:\/\/www.europe1.fr\/societe\/Apprendre-a-ecrire-sur-un-clavier-un-danger-pour-les-enfants-696568\" target=\"_blank\" rel=\"noopener noreferrer\"><strong>Apprendre \u00e0 \u00e9crire sur un clavier, un danger pour les enfants<\/strong><\/a><\/h5>\n<p style=\"text-align: center;\">Margaux Duguet<\/p>\n<h5 style=\"text-align: center;\"><a href=\"https:\/\/www.cnesco.fr\/wp-content\/uploads\/2018\/04\/CCEcrits_note_Velay.pdf\" target=\"_blank\" rel=\"noopener noreferrer\"><strong>Manuscrite ou num\u00e9rique : peut-on choisir entre diff\u00e9rentes formes d\u2019\u00e9criture ?<\/strong><\/a><\/h5>\n<p style=\"text-align: center;\">Jean-Luc Velay<\/p>\n<h5 style=\"text-align: center;\"><strong><a href=\"https:\/\/www.cairn.info\/revue-le-journal-des-psychologues-2009-9-page-22.htm#\" target=\"_blank\" rel=\"noopener noreferrer\">Comment l&rsquo;\u00e9criture vient \u00e0 l&rsquo;enfant<\/a><\/strong><\/h5>\n<p style=\"text-align: center;\">Marie-Alice Du Pasquier<\/p>\n<h5 style=\"text-align: center;\"><strong><a href=\"https:\/\/www.heureuxalecole.fr\/ecriture-cursive-des-enfants-un-savoir-faire-capital\/\" target=\"_blank\" rel=\"noopener noreferrer\">Ecriture cursive des enfants : un savoir faire capital<\/a><\/strong><\/h5>\n<p style=\"text-align: center;\">Anne Leguy<\/p>\n<hr \/>\n<h4 style=\"text-align: center;\">La<strong> Semaine de l&rsquo;\u00e9criture<\/strong> et le sondage <strong>OpinionWay<\/strong> :<\/h4>\n<h4 style=\"text-align: center;\">\u00ab\u00a0Les fran\u00e7ais et l&rsquo;\u00e9criture manuscrite\u00a0\u00bb :<\/h4>\n<h3 style=\"text-align: center;\"><a href=\"https:\/\/www.leparisien.fr\/societe\/reussite-bonne-image-de-soi-tout-ce-que-vehicule-une-belle-ecriture-manuscrite-08-10-2020-8399208.php\" target=\"_blank\" rel=\"noopener noreferrer\"><img loading=\"lazy\" decoding=\"async\" class=\"wp-image-15392 aligncenter\" src=\"https:\/\/www.semainedelecriture.fr\/wp-content\/uploads\/2020\/10\/Le-Parisien-logo.jpg\" alt=\"\" width=\"100\" height=\"31\" \/><\/a><\/h3>\n<hr \/>\n<p style=\"text-align: center;\"><a href=\"https:\/\/www.francebleu.fr\/emissions\/une-heure-en-france\/la-semaine-de-l-ecriture-operation-chefs-de-gare-pantin-avec-un-ane\" target=\"_blank\" rel=\"noopener noreferrer\"><img loading=\"lazy\" decoding=\"async\" class=\"aligncenter wp-image-10018 \" src=\"https:\/\/www.semainedelecriture.fr\/wp-content\/uploads\/2019\/10\/logo_france-bleu.jpg\" alt=\"\" width=\"79\" height=\"97\" \/><\/a>Ecoutez <strong>l&rsquo;interview<\/strong> de notre pr\u00e9sident <strong>Bernard Bouvet<br \/>\n<\/strong>lors de l&rsquo;\u00e9mission : <strong>Une heure en France<\/strong><strong>.<br \/>\n<\/strong>(7 octobre 2019)<\/p>\n<p style=\"text-align: center;\">(D\u00e9but : <strong>16mn 50sec<\/strong> apr\u00e8s le d\u00e9but de l&rsquo;\u00e9mission<br \/>\nFin <strong>23mn 30sec<\/strong> apr\u00e8s le d\u00e9but de l&rsquo;\u00e9mission)<\/p>\n<p style=\"text-align: center;\"><a href=\"https:\/\/www.francebleu.fr\/emissions\/une-heure-en-france\/la-semaine-de-l-ecriture-operation-chefs-de-gare-pantin-avec-un-ane\" class=\"btn button btn-shortcode kad-btn kad-btn-primary\" id=\"kadbtn586\" target=\"_blank\" style=\"background-color:#007fac;color:#FFF;\">Ecouter<\/a>\n","protected":false},"excerpt":{"rendered":"<p>L&rsquo;\u00e9criture \u00e0 la main fait son grand retour dans les salles de classe aux \u00c9tats-Unis L&rsquo;\u00e9criture sur clavier : un danger pour votre cerveau Comment l&rsquo;ordinateur influe sur notre \u00e9criture Lisez l&rsquo;article de Ouest France du 8 octobre 2019 qui &hellip; <a href=\"https:\/\/www.semainedelecriture.fr\/index.php\/on-en-parle\/\">Lire la suite\u00ad\u00ad<\/a><\/p>\n","protected":false},"author":1,"featured_media":0,"parent":0,"menu_order":11,"comment_status":"closed","ping_status":"closed","template":"","meta":{"_mi_skip_tracking":false,"kt_blocks_editor_width":"","footnotes":""},"class_list":["post-7468","page","type-page","status-publish","hentry"],"_links":{"self":[{"href":"https:\/\/www.semainedelecriture.fr\/index.php\/wp-json\/wp\/v2\/pages\/7468","targetHints":{"allow":["GET"]}}],"collection":[{"href":"https:\/\/www.semainedelecriture.fr\/index.php\/wp-json\/wp\/v2\/pages"}],"about":[{"href":"https:\/\/www.semainedelecriture.fr\/index.php\/wp-json\/wp\/v2\/types\/page"}],"author":[{"embeddable":true,"href":"https:\/\/www.semainedelecriture.fr\/index.php\/wp-json\/wp\/v2\/users\/1"}],"replies":[{"embeddable":true,"href":"https:\/\/www.semainedelecriture.fr\/index.php\/wp-json\/wp\/v2\/comments?post=7468"}],"version-history":[{"count":10,"href":"https:\/\/www.semainedelecriture.fr\/index.php\/wp-json\/wp\/v2\/pages\/7468\/revisions"}],"predecessor-version":[{"id":26724,"href":"https:\/\/www.semainedelecriture.fr\/index.php\/wp-json\/wp\/v2\/pages\/7468\/revisions\/26724"}],"wp:attachment":[{"href":"https:\/\/www.semainedelecriture.fr\/index.php\/wp-json\/wp\/v2\/media?parent=7468"}],"curies":[{"name":"wp","href":"https:\/\/api.w.org\/{rel}","templated":true}]}}