{"id":76,"date":"2017-05-09T14:54:34","date_gmt":"2017-05-09T12:54:34","guid":{"rendered":"http:\/\/www.semainedelecriture.fr\/V3\/?page_id=76"},"modified":"2026-02-04T19:52:27","modified_gmt":"2026-02-04T18:52:27","slug":"accueil","status":"publish","type":"page","link":"https:\/\/www.semainedelecriture.fr\/","title":{"rendered":"Accueil"},"content":{"rendered":"\n<div class=\"wp-block-group\"><div class=\"wp-block-group__inner-container is-layout-constrained wp-block-group-is-layout-constrained\">\n<div class=\"wp-block-columns is-layout-flex wp-container-core-columns-is-layout-9d6595d7 wp-block-columns-is-layout-flex\">\n<div class=\"wp-block-column is-layout-flow wp-block-column-is-layout-flow\" style=\"flex-basis:100%\">\n<h4 style=\"text-align: center;\"><strong><span style=\"color: #993366;\"><img loading=\"lazy\" decoding=\"async\" class=\"aligncenter size-medium wp-image-30225\" src=\"https:\/\/www.semainedelecriture.fr\/wp-content\/uploads\/2026\/02\/Firefly-2-300x219.png\" alt=\"\" width=\"300\" height=\"219\" srcset=\"https:\/\/www.semainedelecriture.fr\/wp-content\/uploads\/2026\/02\/Firefly-2-300x219.png 300w, https:\/\/www.semainedelecriture.fr\/wp-content\/uploads\/2026\/02\/Firefly-2-1024x747.png 1024w, https:\/\/www.semainedelecriture.fr\/wp-content\/uploads\/2026\/02\/Firefly-2-768x560.png 768w, https:\/\/www.semainedelecriture.fr\/wp-content\/uploads\/2026\/02\/Firefly-2.png 1184w\" sizes=\"auto, (max-width: 300px) 100vw, 300px\" \/><\/span><\/strong><\/h4>\n<p><img loading=\"lazy\" decoding=\"async\" class=\"aligncenter size-medium wp-image-30224\" src=\"https:\/\/www.semainedelecriture.fr\/wp-content\/uploads\/2026\/02\/Firefly-300x219.png\" alt=\"\" width=\"300\" height=\"219\" srcset=\"https:\/\/www.semainedelecriture.fr\/wp-content\/uploads\/2026\/02\/Firefly-300x219.png 300w, https:\/\/www.semainedelecriture.fr\/wp-content\/uploads\/2026\/02\/Firefly-1024x747.png 1024w, https:\/\/www.semainedelecriture.fr\/wp-content\/uploads\/2026\/02\/Firefly-768x560.png 768w, https:\/\/www.semainedelecriture.fr\/wp-content\/uploads\/2026\/02\/Firefly.png 1184w\" sizes=\"auto, (max-width: 300px) 100vw, 300px\" \/><\/p>\n<hr \/>\n<h3 style=\"text-align: center;\"><span style=\"color: #701010;\">Les fiches p\u00e9dagogiques<\/span><\/h3>\n<h5 style=\"text-align: center;\"><span style=\"color: #993366;\"><em>en collaboration avec les \u00e9ditions MDI et l&rsquo;Association 5E<\/em><\/span><\/h5>\n<p><a href=\"https:\/\/www.semainedelecriture.fr\/wp-content\/uploads\/2025\/10\/Fiches_Quelques_conseils_avant_d_ecrire.pdf\" target=\"_blank\" rel=\"noopener\"><img loading=\"lazy\" decoding=\"async\" class=\"aligncenter wp-image-27470 size-medium\" src=\"https:\/\/www.semainedelecriture.fr\/wp-content\/uploads\/2025\/07\/Livret-2025-1-300x268.png\" alt=\"\" width=\"300\" height=\"268\" srcset=\"https:\/\/www.semainedelecriture.fr\/wp-content\/uploads\/2025\/07\/Livret-2025-1-300x268.png 300w, https:\/\/www.semainedelecriture.fr\/wp-content\/uploads\/2025\/07\/Livret-2025-1.png 724w\" sizes=\"auto, (max-width: 300px) 100vw, 300px\" \/><\/a><\/p>\n<p><img loading=\"lazy\" decoding=\"async\" class=\"wp-image-27514 aligncenter\" src=\"https:\/\/www.semainedelecriture.fr\/wp-content\/uploads\/2025\/07\/mdi-solo.jpg\" alt=\"\" width=\"70\" height=\"44\" srcset=\"https:\/\/www.semainedelecriture.fr\/wp-content\/uploads\/2025\/07\/mdi-solo.jpg 223w, https:\/\/www.semainedelecriture.fr\/wp-content\/uploads\/2025\/07\/mdi-solo-80x50.jpg 80w\" sizes=\"auto, (max-width: 70px) 100vw, 70px\" \/><\/p>\n<hr \/>\n<h3 style=\"text-align: center;\"><span style=\"color: #701010;\">Nos valeurs<\/span><\/h3>\n<h5 style=\"text-align: center;\"><span style=\"color: #993366;\">P\u00e9renniser l&rsquo;apprentissage de l&rsquo;\u00e9criture manuelle \u00e0 l&rsquo;\u00e9cole.<\/span><\/h5>\n<h5 style=\"text-align: center;\"><span style=\"color: #993366;\">Promouvoir l\u2019\u00e9criture manuscrite<\/span><\/h5>\n<div class=\"indexTexte\" style=\"text-align: center;\">\u00a0<\/div>\n<hr \/>\n<div class=\"indexTexte\" style=\"text-align: center;\">\n<div id=\"mc_embed_signup\"><form id=\"mc-embedded-subscribe-form\" class=\"validate\" action=\"https:\/\/semainedelecriture.us18.list-manage.com\/subscribe\/post?u=ef2cab08314774fb4efda43e1&amp;id=192a833af3\" method=\"post\" name=\"mc-embedded-subscribe-form\" novalidate=\"\" target=\"_blank\">\n<div id=\"mc_embed_signup_scroll\">\n<div class=\"mc-field-group\">\n<h4><span style=\"color: #701010;\">Recevez notre Newsletter<\/span><\/h4>\n<p><input id=\"mce-EMAIL\" class=\"required email\" name=\"EMAIL\" type=\"email\" placeholder=\"Votre adresse\" \/><\/p>\n<\/div>\n<div id=\"mce-responses\" class=\"clear\">\n<div id=\"mce-error-response\" class=\"response\" style=\"display: none;\">\u00a0<\/div>\n<div id=\"mce-success-response\" class=\"response\" style=\"display: none;\">\u00a0<\/div>\n<\/div>\n<div style=\"position: absolute; left: -5000px;\" aria-hidden=\"true\"><input tabindex=\"-1\" name=\"b_ef2cab08314774fb4efda43e1_192a833af3\" type=\"text\" value=\"\" \/><\/div>\n<div class=\"clear\"><input id=\"mc-embedded-subscribe\" class=\"button\" name=\"subscribe\" type=\"submit\" value=\"S'abonner\" \/><\/div>\n<\/div>\n<\/form><\/div>\n<\/div>\n<p><script type=\"text\/javascript\" src=\"\/\/s3.amazonaws.com\/downloads.mailchimp.com\/js\/mc-validate.js\"><\/script><script type=\"text\/javascript\">(function($) {window.fnames = new Array(); window.ftypes = new Array();fnames[0]='EMAIL';ftypes[0]='email';fnames[1]='FNAME';ftypes[1]='text';fnames[2]='LNAME';ftypes[2]='text';fnames[3]='ADDRESS';ftypes[3]='address';fnames[4]='PHONE';ftypes[4]='phone';}(jQuery));var $mcj = jQuery.noConflict(true);<\/script><\/p>\n<hr \/>\n<h4 style=\"text-align: center;\"><span style=\"color: #701010;\">R\u00e9seaux Sociaux<\/span><\/h4>\n<h5 style=\"text-align: center;\">Suivez notre actualit\u00e9 sur notre page <span style=\"color: #3b5998;\">Facebook<\/span><a class=\"kitTitre\" href=\"https:\/\/www.facebook.com\/Semaine-de-l%C3%A9criture-164504673889505\" target=\"_blank\" rel=\"noopener noreferrer\"><img decoding=\"async\" class=\"aligncenter\" src=\"https:\/\/www.semainedelecriture.fr\/images\/1443876595_facebook.png\" alt=\"facebook\" width=\"64\" border=\"0\" \/><\/a><\/h5>\n<hr \/>\n<p><img loading=\"lazy\" decoding=\"async\" class=\"aligncenter size-full wp-image-27580\" src=\"https:\/\/www.semainedelecriture.fr\/wp-content\/uploads\/2025\/08\/footer-logos-all.jpg\" alt=\"\" width=\"1133\" height=\"154\" srcset=\"https:\/\/www.semainedelecriture.fr\/wp-content\/uploads\/2025\/08\/footer-logos-all.jpg 1133w, https:\/\/www.semainedelecriture.fr\/wp-content\/uploads\/2025\/08\/footer-logos-all-300x41.jpg 300w, https:\/\/www.semainedelecriture.fr\/wp-content\/uploads\/2025\/08\/footer-logos-all-1024x139.jpg 1024w, https:\/\/www.semainedelecriture.fr\/wp-content\/uploads\/2025\/08\/footer-logos-all-768x104.jpg 768w\" sizes=\"auto, (max-width: 1133px) 100vw, 1133px\" \/><\/p>\n<p><!---\n\n\n\n\n\n\n\n\n\n\n\n\n\n\n\n\n\n\n\n\n\n\n\n\n\n\n\n\n\n\n\n\n\n\n\n\n\n\n\n\n\n\n\n\n\n\n\n\n\n\n\n\n\n\n\n\n\n\n\n\n\n\n\n\n\n\n\n\n\n\n\n\n\n\n\n\n\n\n\n\n\n\n\n\n\n\n\n\n\n\n\n\n\n\n\n\n\n\n\n\n\n\n\n\n\n\n\n\n\n\n\n\n\n\n\n\n\n\n\n\n\n\n\n\n\n\n\n\n\n\n\n\n\n\n\n\n\n\n\n\n\n\n\n\n\n\n\n\n\n\n\n\n\n\n\n\n\n\n\n\n\n\n<h4 style=\"text-align: center;\"><a href=\"https:\/\/www.semainedelecriture.fr\/DOSSIER_DE_PARTENARIAT.pdf\" target=\"_blank\" rel=\"noopener noreferrer\">Vous souhaitez devenir partenaire ?<\/a>\u00a0<a href=\"https:\/\/DOSSIER_DE_PARTENARIAT.pdf\">(Cliquez ici)<\/a><\/h4>\n\n\n\n\n\n\n\n\n\n\n\n\n\n\n\n\n\n\n\n\n\n\n\n\n\n\n\n\n\n\n\n\n\n\n\n\n\n\n\n\n\n\n\n\n\n\n\n\n\n\n\n\n\n\n\n\n\n\n\n\n\n\n\n\n\n\n\n\n\n\n\n\n\n\n\n\n\n\n\n\n\n\n\n\n\n\n\n\n\n\n\n\n\n\n\n\n\n\n\n\n\n\n\n\n\n\n\n\n\n\n\n\n\n\n\n\n\n\n\n\n\n\n\n\n\n\n\n\n\n\n\n\n\n\n\n\n\n\n\n\n\n\n\n\n\n\n\n\n\n\n\n\n\n\n\n\n\n\n\n\n\n\n--><\/p>\n<\/div>\n<\/div>\n<\/div><\/div>\n","protected":false},"excerpt":{"rendered":"<p>Les fiches p\u00e9dagogiques en collaboration avec les \u00e9ditions MDI et l&rsquo;Association 5E Nos valeurs P\u00e9renniser l&rsquo;apprentissage de l&rsquo;\u00e9criture manuelle \u00e0 l&rsquo;\u00e9cole. Promouvoir l\u2019\u00e9criture manuscrite \u00a0 Recevez notre Newsletter \u00a0 \u00a0 R\u00e9seaux Sociaux Suivez notre actualit\u00e9 sur notre page Facebook<\/p>\n","protected":false},"author":1,"featured_media":0,"parent":0,"menu_order":1,"comment_status":"closed","ping_status":"closed","template":"","meta":{"_mi_skip_tracking":false,"kt_blocks_editor_width":"","footnotes":""},"class_list":["post-76","page","type-page","status-publish","hentry"],"_links":{"self":[{"href":"https:\/\/www.semainedelecriture.fr\/index.php\/wp-json\/wp\/v2\/pages\/76","targetHints":{"allow":["GET"]}}],"collection":[{"href":"https:\/\/www.semainedelecriture.fr\/index.php\/wp-json\/wp\/v2\/pages"}],"about":[{"href":"https:\/\/www.semainedelecriture.fr\/index.php\/wp-json\/wp\/v2\/types\/page"}],"author":[{"embeddable":true,"href":"https:\/\/www.semainedelecriture.fr\/index.php\/wp-json\/wp\/v2\/users\/1"}],"replies":[{"embeddable":true,"href":"https:\/\/www.semainedelecriture.fr\/index.php\/wp-json\/wp\/v2\/comments?post=76"}],"version-history":[{"count":515,"href":"https:\/\/www.semainedelecriture.fr\/index.php\/wp-json\/wp\/v2\/pages\/76\/revisions"}],"predecessor-version":[{"id":30230,"href":"https:\/\/www.semainedelecriture.fr\/index.php\/wp-json\/wp\/v2\/pages\/76\/revisions\/30230"}],"wp:attachment":[{"href":"https:\/\/www.semainedelecriture.fr\/index.php\/wp-json\/wp\/v2\/media?parent=76"}],"curies":[{"name":"wp","href":"https:\/\/api.w.org\/{rel}","templated":true}]}}